{"id":160,"date":"2024-11-19T20:34:24","date_gmt":"2024-11-19T20:34:24","guid":{"rendered":"https:\/\/www.zonetronik.com\/es\/?page_id=160"},"modified":"2024-11-19T20:34:24","modified_gmt":"2024-11-19T20:34:24","slug":"politica-de-privacidad","status":"publish","type":"page","link":"https:\/\/www.zonetronik.com\/es\/politica-de-privacidad\/","title":{"rendered":"Pol\u00edtica de Privacidad"},"content":{"rendered":"<p>Zonetronik.com es un sitio web que ofrece informaci\u00f3n t\u00e9cnica sobre electr\u00f3nica e ingenier\u00eda el\u00e9ctrica.<\/p>\n<h2>1 \u2013 Publicaci\u00f3n del Sitio Web<\/h2>\n<p>Propietario del sitio web: DHOHA activit\u00e9s informatiques<\/p>\n<p>Contacto: info@zonetronik.com<\/p>\n<p>Direcci\u00f3n: Calle Ibn Khaldoun 40, Manouba 2010, T\u00fanez.<\/p>\n<p>N\u00famero de Identificaci\u00f3n Fiscal: 0825271H<\/p>\n<p>Alojamiento del sitio web: OVH T\u00fanez<\/p>\n<h2>2 \u2013 Propiedad Intelectual y Falsificaci\u00f3n<\/h2>\n<p>DHOHA activit\u00e9s informatiques posee los derechos de propiedad intelectual y los derechos de uso de todos los elementos accesibles en el sitio web, incluidos textos, im\u00e1genes, gr\u00e1ficos, logotipos, videos, arquitectura, iconos y sonidos.<\/p>\n<p>Queda prohibida cualquier reproducci\u00f3n, representaci\u00f3n, modificaci\u00f3n, publicaci\u00f3n o adaptaci\u00f3n total o parcial de los elementos del sitio web, independientemente de los medios o procedimientos utilizados, sin la autorizaci\u00f3n previa y por escrito de DHOHA activit\u00e9s informatiques.<\/p>\n<p>Cualquier uso no autorizado del sitio web o de cualquiera de sus elementos ser\u00e1 considerado una infracci\u00f3n y ser\u00e1 perseguido de acuerdo con las disposiciones del C\u00f3digo de Propiedad Intelectual.<\/p>\n<h2>3 \u2013 Limitaci\u00f3n de Responsabilidad<\/h2>\n<p>DHOHA activit\u00e9s informatiques no se hace responsable de los da\u00f1os directos o indirectos causados al equipo del usuario al acceder al sitio web <a href=\"https:\/\/www.zonetronik.com\">https:\/\/www.zonetronik.com<\/a>.<\/p>\n<p>DHOHA activit\u00e9s informatiques declina toda responsabilidad por el uso que pueda hacerse de la informaci\u00f3n y los contenidos del sitio <a href=\"https:\/\/www.zonetronik.com\">https:\/\/www.zonetronik.com<\/a>.<\/p>\n<p>DHOHA activit\u00e9s informatiques se compromete a garantizar la mayor seguridad posible para el sitio web <a href=\"https:\/\/www.zonetronik.com\">https:\/\/www.zonetronik.com<\/a>. Sin embargo, no se podr\u00e1 invocar su responsabilidad si datos no deseados se importan e instalan en su sitio sin su conocimiento.<\/p>\n<p>Los espacios interactivos (secci\u00f3n de contacto o comentarios) est\u00e1n disponibles para los usuarios. DHOHA activit\u00e9s informatiques se reserva el derecho de eliminar, sin previo aviso, cualquier contenido publicado en estos espacios que viole las leyes aplicables en T\u00fanez, especialmente en lo relacionado con la protecci\u00f3n de datos.<\/p>\n<p>En caso necesario, DHOHA activit\u00e9s informatiques tambi\u00e9n se reserva el derecho de emprender acciones legales, civiles y\/o penales, contra el usuario, especialmente en casos de mensajes racistas, ofensivos, difamatorios o pornogr\u00e1ficos, independientemente del medio utilizado (texto, fotograf\u00eda, etc.).<\/p>\n<h2>4 \u2013 Gesti\u00f3n de Datos Personales<\/h2>\n<p>Los usuarios del sitio web <a href=\"https:\/\/www.zonetronik.com\">https:\/\/www.zonetronik.com<\/a> tienen derecho a acceder, modificar y eliminar la informaci\u00f3n recopilada. Para ejercer este derecho, consulte nuestra p\u00e1gina de Pol\u00edtica de Privacidad para obtener m\u00e1s informaci\u00f3n sobre c\u00f3mo manejamos sus datos.<\/p>\n<h2>5 \u2013 Hiperv\u00ednculos y Cookies<\/h2>\n<p>El sitio web https:\/\/www.zonetronik.com contiene hiperv\u00ednculos a otros sitios web y declina toda responsabilidad por estos enlaces externos o enlaces creados por otros sitios web hacia <a href=\"https:\/\/www.zonetronik.com\">https:\/\/www.zonetronik.com<\/a>.<\/p>\n<p>Navegar por el sitio web <a href=\"https:\/\/www.zonetronik.com\">https:\/\/www.zonetronik.com<\/a> puede dar lugar a la instalaci\u00f3n de cookies en el ordenador del usuario.<\/p>\n<p>Una \u201ccookie\u201d es un peque\u00f1o archivo que registra informaci\u00f3n sobre la navegaci\u00f3n de un usuario en un sitio web. Los datos obtenidos de esta manera permiten, por ejemplo, realizar mediciones de tr\u00e1fico. Para m\u00e1s detalles, consulte nuestra Pol\u00edtica de Cookies.<\/p>\n<p>Tiene la opci\u00f3n de aceptar o rechazar las cookies modificando la configuraci\u00f3n de su navegador. No se depositar\u00e1n cookies sin su consentimiento.<\/p>\n<h2>6 \u2013 Ley Aplicable y Jurisdicci\u00f3n<\/h2>\n<p>Cualquier disputa relacionada con el uso del sitio web https:\/\/www.zonetronik.com est\u00e1 sujeta a la legislaci\u00f3n tunecina. Salvo que la ley disponga lo contrario, se otorga jurisdicci\u00f3n exclusiva a los tribunales competentes de Manouba.<\/p>\n","protected":false},"excerpt":{"rendered":"<p>Zonetronik.com es un sitio web que ofrece informaci\u00f3n t\u00e9cnica sobre electr\u00f3nica e ingenier\u00eda el\u00e9ctrica. 1 \u2013 Publicaci\u00f3n del Sitio Web Propietario del sitio web: DHOHA activit\u00e9s informatiques Contacto: info@zonetronik.com Direcci\u00f3n: Calle Ibn Khaldoun 40, Manouba 2010, T\u00fanez. N\u00famero de Identificaci\u00f3n Fiscal: 0825271H Alojamiento del sitio web: OVH T\u00fanez 2 \u2013 Propiedad Intelectual y Falsificaci\u00f3n DHOHA&hellip;&nbsp;<a href=\"https:\/\/www.zonetronik.com\/es\/politica-de-privacidad\/\" rel=\"bookmark\"><span class=\"screen-reader-text\">Pol\u00edtica de Privacidad<\/span><\/a><\/p>\n","protected":false},"author":1,"featured_media":0,"parent":0,"menu_order":0,"comment_status":"closed","ping_status":"closed","template":"","meta":{"neve_meta_sidebar":"","neve_meta_container":"","neve_meta_enable_content_width":"off","neve_meta_content_width":100,"neve_meta_title_alignment":"","neve_meta_author_avatar":"","neve_post_elements_order":"","neve_meta_disable_header":"","neve_meta_disable_footer":"","neve_meta_disable_title":"","iawp_total_views":2,"footnotes":""},"class_list":["post-160","page","type-page","status-publish","hentry"],"_links":{"self":[{"href":"https:\/\/www.zonetronik.com\/es\/wp-json\/wp\/v2\/pages\/160","targetHints":{"allow":["GET"]}}],"collection":[{"href":"https:\/\/www.zonetronik.com\/es\/wp-json\/wp\/v2\/pages"}],"about":[{"href":"https:\/\/www.zonetronik.com\/es\/wp-json\/wp\/v2\/types\/page"}],"author":[{"embeddable":true,"href":"https:\/\/www.zonetronik.com\/es\/wp-json\/wp\/v2\/users\/1"}],"replies":[{"embeddable":true,"href":"https:\/\/www.zonetronik.com\/es\/wp-json\/wp\/v2\/comments?post=160"}],"version-history":[{"count":1,"href":"https:\/\/www.zonetronik.com\/es\/wp-json\/wp\/v2\/pages\/160\/revisions"}],"predecessor-version":[{"id":161,"href":"https:\/\/www.zonetronik.com\/es\/wp-json\/wp\/v2\/pages\/160\/revisions\/161"}],"wp:attachment":[{"href":"https:\/\/www.zonetronik.com\/es\/wp-json\/wp\/v2\/media?parent=160"}],"curies":[{"name":"wp","href":"https:\/\/api.w.org\/{rel}","templated":true}]}}