{"id":165,"date":"2024-11-21T17:00:04","date_gmt":"2024-11-21T17:00:04","guid":{"rendered":"https:\/\/www.zonetronik.com\/es\/?page_id=165"},"modified":"2024-11-21T17:00:04","modified_gmt":"2024-11-21T17:00:04","slug":"contactanos","status":"publish","type":"page","link":"https:\/\/www.zonetronik.com\/es\/contactanos\/","title":{"rendered":"Cont\u00e1ctanos"},"content":{"rendered":"<p>Si tienes alguna pregunta sobre el contenido presentado en nuestro sitio web o si deseas proponer una colaboraci\u00f3n, enviar un art\u00edculo o discutir oportunidades de publicidad, estamos a tu disposici\u00f3n. No dudes en ponerte en contacto con nosotros enviando un correo electr\u00f3nico a la siguiente direcci\u00f3n: info@zonetronik.com o iniciando un chat en vivo en Skype con el ID: zonetronik. Nos comprometemos a responder a tu consulta en un plazo de 24 horas.<\/p>\n<p><strong>Direcci\u00f3n de correo electr\u00f3nico:<\/strong> info@zonetronik.com<br \/>\n<strong>Chat en vivo ID de Skype:<\/strong> zonetronik<\/p>\n","protected":false},"excerpt":{"rendered":"<p>Si tienes alguna pregunta sobre el contenido presentado en nuestro sitio web o si deseas proponer una colaboraci\u00f3n, enviar un art\u00edculo o discutir oportunidades de publicidad, estamos a tu disposici\u00f3n. No dudes en ponerte en contacto con nosotros enviando un correo electr\u00f3nico a la siguiente direcci\u00f3n: info@zonetronik.com o iniciando un chat en vivo en Skype&hellip;&nbsp;<a href=\"https:\/\/www.zonetronik.com\/es\/contactanos\/\" rel=\"bookmark\"><span class=\"screen-reader-text\">Cont\u00e1ctanos<\/span><\/a><\/p>\n","protected":false},"author":1,"featured_media":0,"parent":0,"menu_order":0,"comment_status":"closed","ping_status":"closed","template":"","meta":{"neve_meta_sidebar":"","neve_meta_container":"","neve_meta_enable_content_width":"off","neve_meta_content_width":100,"neve_meta_title_alignment":"","neve_meta_author_avatar":"","neve_post_elements_order":"","neve_meta_disable_header":"","neve_meta_disable_footer":"","neve_meta_disable_title":"","iawp_total_views":6,"footnotes":""},"class_list":["post-165","page","type-page","status-publish","hentry"],"_links":{"self":[{"href":"https:\/\/www.zonetronik.com\/es\/wp-json\/wp\/v2\/pages\/165","targetHints":{"allow":["GET"]}}],"collection":[{"href":"https:\/\/www.zonetronik.com\/es\/wp-json\/wp\/v2\/pages"}],"about":[{"href":"https:\/\/www.zonetronik.com\/es\/wp-json\/wp\/v2\/types\/page"}],"author":[{"embeddable":true,"href":"https:\/\/www.zonetronik.com\/es\/wp-json\/wp\/v2\/users\/1"}],"replies":[{"embeddable":true,"href":"https:\/\/www.zonetronik.com\/es\/wp-json\/wp\/v2\/comments?post=165"}],"version-history":[{"count":1,"href":"https:\/\/www.zonetronik.com\/es\/wp-json\/wp\/v2\/pages\/165\/revisions"}],"predecessor-version":[{"id":166,"href":"https:\/\/www.zonetronik.com\/es\/wp-json\/wp\/v2\/pages\/165\/revisions\/166"}],"wp:attachment":[{"href":"https:\/\/www.zonetronik.com\/es\/wp-json\/wp\/v2\/media?parent=165"}],"curies":[{"name":"wp","href":"https:\/\/api.w.org\/{rel}","templated":true}]}}